{"id":15818,"date":"2020-07-27T21:09:07","date_gmt":"2020-07-28T02:09:07","guid":{"rendered":"http:\/\/nutsngo.ca\/?page_id=15818"},"modified":"2023-12-13T14:00:27","modified_gmt":"2023-12-13T19:00:27","slug":"a-propos","status":"publish","type":"page","link":"https:\/\/demo3.jjevolutionstore.com\/fr\/a-propos\/","title":{"rendered":"\u00c0 propos"},"content":{"rendered":"\t\t<div data-elementor-type=\"wp-page\" data-elementor-id=\"15818\" class=\"elementor elementor-15818\">\n\t\t\t\t\t\t\t\t\t<section class=\"lte-background-black elementor-section elementor-top-section elementor-element elementor-element-2fc1c19 lte-background-black lte-overlay-wrapper-black lte-overlay-mobile-only-yes elementor-section-boxed elementor-section-height-default elementor-section-height-default\" data-id=\"2fc1c19\" data-element_type=\"section\" data-settings=\"{&quot;background_background&quot;:&quot;classic&quot;}\">\n\t\t\t\t\t\t<div class=\"elementor-container elementor-column-gap-no\">\n\t\t\t\t\t<div class=\"elementor-column elementor-col-100 elementor-top-column elementor-element elementor-element-313aba0\" data-id=\"313aba0\" data-element_type=\"column\">\n\t\t\t<div class=\"elementor-widget-wrap elementor-element-populated\">\n\t\t\t\t\t\t\t\t<section class=\"elementor-section elementor-inner-section elementor-element elementor-element-e6268b1 elementor-section-full_width elementor-section-height-default elementor-section-height-default\" data-id=\"e6268b1\" data-element_type=\"section\">\n\t\t\t\t\t\t<div class=\"elementor-container elementor-column-gap-default\">\n\t\t\t\t\t<div class=\"elementor-column elementor-col-100 elementor-inner-column elementor-element elementor-element-c1f0e95\" data-id=\"c1f0e95\" data-element_type=\"column\">\n\t\t\t<div class=\"elementor-widget-wrap elementor-element-populated\">\n\t\t\t\t\t\t\t\t<div class=\"elementor-element elementor-element-4d30bff lte-heading-style-default elementor-widget elementor-widget-lte-header\" data-id=\"4d30bff\" data-element_type=\"widget\" data-widget_type=\"lte-header.default\">\n\t\t\t\t<div class=\"elementor-widget-container\">\n\t\t\t<div class=\"lte-heading lte-style-default lte-subcolor-main heading-tag-h2 heading-subtag-h6\"><div class=\"lte-heading-content\"><h2 class=\"lte-header\">Bien plus que de simples sacs de noix, Nuts\u2019n Go vous offre les produits <span>frais, cool et d\u00e9lectables<\/span> qui soient.<\/h2><\/div><\/div>\t\t<\/div>\n\t\t\t\t<\/div>\n\t\t\t\t<div class=\"elementor-element elementor-element-7e5d772 elementor-widget elementor-widget-text-editor\" data-id=\"7e5d772\" data-element_type=\"widget\" data-widget_type=\"text-editor.default\">\n\t\t\t\t<div class=\"elementor-widget-container\">\n\t\t\t\t\t\t\t<p>Bien plus que de simples sacs de noix, Nuts\u2019n Go vous offre les produits les plus frais, cool et d\u00e9lectables qui soient.<br \/>Entreprise fi\u00e8rement qu\u00e9b\u00e9coise, nous sommes heureux de pouvoir vous procurer les noix et les graines les plus fra\u00eeches sur le march\u00e9 gr\u00e2ce \u00e0 notre r\u00e9seau bien \u00e9tabli de fournisseurs provenant d\u2019un peu partout \u00e0 travers la plan\u00e8te. R\u00f4ties, emball\u00e9es et distribu\u00e9e par notre \u00e9quipe d\u2019experts, nous sommes fi\u00e8re de vous offrir des produits de la plus haute qualit\u00e9 \u00e0 un prix plus qu\u2019abordable.<\/p>\t\t\t\t\t\t<\/div>\n\t\t\t\t<\/div>\n\t\t\t\t<div class=\"elementor-element elementor-element-0b502c9 elementor-widget elementor-widget-heading\" data-id=\"0b502c9\" data-element_type=\"widget\" data-widget_type=\"heading.default\">\n\t\t\t\t<div class=\"elementor-widget-container\">\n\t\t\t<h5 class=\"elementor-heading-title elementor-size-default\">Nuts\u2019n Go: un go\u00fbt, sans compromis!<\/h5>\t\t<\/div>\n\t\t\t\t<\/div>\n\t\t\t\t<div class=\"elementor-element elementor-element-77f0973 elementor-widget elementor-widget-spacer\" data-id=\"77f0973\" data-element_type=\"widget\" data-widget_type=\"spacer.default\">\n\t\t\t\t<div class=\"elementor-widget-container\">\n\t\t\t\t\t<div class=\"elementor-spacer\">\n\t\t\t<div class=\"elementor-spacer-inner\"><\/div>\n\t\t<\/div>\n\t\t\t\t<\/div>\n\t\t\t\t<\/div>\n\t\t\t\t\t<\/div>\n\t\t<\/div>\n\t\t\t\t\t\t\t<\/div>\n\t\t<\/section>\n\t\t\t\t\t<\/div>\n\t\t<\/div>\n\t\t\t\t\t\t\t<\/div>\n\t\t<\/section>\n\t\t\t\t<section class=\"lte-background-black elementor-section elementor-top-section elementor-element elementor-element-9d1d384 lte-background-black lte-parallax-yes lte-overlay-wrapper-semi-dark elementor-section-full_width elementor-section-height-default elementor-section-height-default\" data-id=\"9d1d384\" data-element_type=\"section\" data-settings=\"{&quot;background_background&quot;:&quot;classic&quot;}\">\n\t\t\t\t\t\t<div class=\"elementor-container elementor-column-gap-no\">\n\t\t\t\t\t<div class=\"elementor-column elementor-col-100 elementor-top-column elementor-element elementor-element-0f148f8\" data-id=\"0f148f8\" data-element_type=\"column\">\n\t\t\t<div class=\"elementor-widget-wrap elementor-element-populated\">\n\t\t\t\t\t\t\t\t<div class=\"elementor-element elementor-element-87f6922 elementor-widget elementor-widget-spacer\" data-id=\"87f6922\" data-element_type=\"widget\" data-widget_type=\"spacer.default\">\n\t\t\t\t<div class=\"elementor-widget-container\">\n\t\t\t\t\t<div class=\"elementor-spacer\">\n\t\t\t<div class=\"elementor-spacer-inner\"><\/div>\n\t\t<\/div>\n\t\t\t\t<\/div>\n\t\t\t\t<\/div>\n\t\t\t\t<div class=\"elementor-element elementor-element-27ef635 elementor-widget elementor-widget-lte-effects\" data-id=\"27ef635\" data-element_type=\"widget\" data-widget_type=\"lte-effects.default\">\n\t\t\t\t<div class=\"elementor-widget-container\">\n\t\t\t<div class=\"lte-effect-square lte-animation-yes\"><span><span><\/span><\/span><\/div>\t\t<\/div>\n\t\t\t\t<\/div>\n\t\t\t\t<div class=\"elementor-element elementor-element-150cc76 lte-heading-style-default elementor-widget elementor-widget-lte-header\" data-id=\"150cc76\" data-element_type=\"widget\" data-widget_type=\"lte-header.default\">\n\t\t\t\t<div class=\"elementor-widget-container\">\n\t\t\t<div class=\"lte-heading lte-style-default lte-subcolor-main heading-tag-h1 heading-subtag-h6\"><div class=\"lte-heading-content\"><h1 class=\"lte-header\">Fait avec amour pour<br \/>\n<span> satisfaire vos fringales <\/span><br \/>\n<\/h1><\/div><\/div>\t\t<\/div>\n\t\t\t\t<\/div>\n\t\t\t\t<div class=\"elementor-element elementor-element-a910293 elementor-widget elementor-widget-spacer\" data-id=\"a910293\" data-element_type=\"widget\" data-widget_type=\"spacer.default\">\n\t\t\t\t<div class=\"elementor-widget-container\">\n\t\t\t\t\t<div class=\"elementor-spacer\">\n\t\t\t<div class=\"elementor-spacer-inner\"><\/div>\n\t\t<\/div>\n\t\t\t\t<\/div>\n\t\t\t\t<\/div>\n\t\t\t\t\t<\/div>\n\t\t<\/div>\n\t\t\t\t\t\t\t<\/div>\n\t\t<\/section>\n\t\t\t\t<section class=\"lte-background-black elementor-section elementor-top-section elementor-element elementor-element-b09a3f3 lte-parallax-yes lte-background-black elementor-hidden-desktop elementor-hidden-tablet elementor-hidden-mobile elementor-section-boxed elementor-section-height-default elementor-section-height-default\" data-id=\"b09a3f3\" data-element_type=\"section\" data-settings=\"{&quot;background_background&quot;:&quot;classic&quot;}\">\n\t\t\t\t\t\t\t<div class=\"elementor-background-overlay\"><\/div>\n\t\t\t\t\t\t\t<div class=\"elementor-container elementor-column-gap-default\">\n\t\t\t\t\t<div class=\"elementor-column elementor-col-100 elementor-top-column elementor-element elementor-element-4d9992b\" data-id=\"4d9992b\" data-element_type=\"column\">\n\t\t\t<div class=\"elementor-widget-wrap elementor-element-populated\">\n\t\t\t\t\t\t\t\t<div class=\"elementor-element elementor-element-dc374a6 elementor-hidden-phone elementor-widget elementor-widget-spacer\" data-id=\"dc374a6\" data-element_type=\"widget\" data-widget_type=\"spacer.default\">\n\t\t\t\t<div class=\"elementor-widget-container\">\n\t\t\t\t\t<div class=\"elementor-spacer\">\n\t\t\t<div class=\"elementor-spacer-inner\"><\/div>\n\t\t<\/div>\n\t\t\t\t<\/div>\n\t\t\t\t<\/div>\n\t\t\t\t<div class=\"elementor-element elementor-element-c408fd9 elementor-widget elementor-widget-spacer\" data-id=\"c408fd9\" data-element_type=\"widget\" data-widget_type=\"spacer.default\">\n\t\t\t\t<div class=\"elementor-widget-container\">\n\t\t\t\t\t<div class=\"elementor-spacer\">\n\t\t\t<div class=\"elementor-spacer-inner\"><\/div>\n\t\t<\/div>\n\t\t\t\t<\/div>\n\t\t\t\t<\/div>\n\t\t\t\t<div class=\"elementor-element elementor-element-1dc3108 elementor-widget elementor-widget-lte-icons\" data-id=\"1dc3108\" data-element_type=\"widget\" data-widget_type=\"lte-icons.default\">\n\t\t\t\t<div class=\"elementor-widget-container\">\n\t\t\t<ul class=\"lte-block-icon has-descr  icons-count-3 lte-icon-space-md lte-icon-shape-default lte-icon-background-disabled lte-icon-border-disabled lte-icon-color-main lte-icon-divider-disabled lte-icon-inner-padding- lte-icon-size-large lte-header-color-default lte-icon-type-left lte-icon-align- lte-hover-animation-yes layout-cols3 lte-additional-disabled\"><li class=\" col-lg-4 col-md-4 col-sm-4 col-ms-12 col-xs-12\"><div   class=\"lte-inner\"><i aria-hidden=\"true\" class=\"icon icon-organic\"><\/i><span class=\"lte-icon-content\"> <span class=\"lte-header lte-h6\"> Natural Organic Product <\/span> <span class=\"lte-descr\">Nullam vel condimentum odio, non dictum nulla. Etiam iaculis elit ultricies.<\/span><\/span><\/div><\/li><li class=\" col-lg-4 col-md-4 col-sm-4 col-ms-12 col-xs-12\"><div   class=\"lte-inner\"><i aria-hidden=\"true\" class=\"icon icon-packaging\"><\/i><span class=\"lte-icon-content\"> <span class=\"lte-header lte-h6\"> Packaging Design <\/span> <span class=\"lte-descr\">Maecenas ut viverra quam. Fusce vitae ornare nulla, nec tincidunt neque.<\/span><\/span><\/div><\/li><li class=\" col-lg-4 col-md-4 col-sm-4 col-ms-12 col-xs-12\"><div   class=\"lte-inner\"><i aria-hidden=\"true\" class=\"icon icon-cocoa\"><\/i><span class=\"lte-icon-content\"> <span class=\"lte-header lte-h6\"> Best Quality Cocoa <\/span> <span class=\"lte-descr\">Phasellus in eros lectus. Pellentesque habitant morbi tristique senectus et netus.<\/span><\/span><\/div><\/li><\/ul>\t\t<\/div>\n\t\t\t\t<\/div>\n\t\t\t\t<div class=\"elementor-element elementor-element-082ae6a elementor-widget elementor-widget-spacer\" data-id=\"082ae6a\" data-element_type=\"widget\" data-widget_type=\"spacer.default\">\n\t\t\t\t<div class=\"elementor-widget-container\">\n\t\t\t\t\t<div class=\"elementor-spacer\">\n\t\t\t<div class=\"elementor-spacer-inner\"><\/div>\n\t\t<\/div>\n\t\t\t\t<\/div>\n\t\t\t\t<\/div>\n\t\t\t\t\t<\/div>\n\t\t<\/div>\n\t\t\t\t\t\t\t<\/div>\n\t\t<\/section>\n\t\t\t\t<section class=\"lte-background-black elementor-section elementor-top-section elementor-element elementor-element-6fd3e65 lte-parallax-yes lte-background-black elementor-hidden-desktop elementor-hidden-tablet elementor-hidden-mobile elementor-section-boxed elementor-section-height-default elementor-section-height-default\" data-id=\"6fd3e65\" data-element_type=\"section\" data-settings=\"{&quot;background_background&quot;:&quot;classic&quot;}\">\n\t\t\t\t\t\t\t<div class=\"elementor-background-overlay\"><\/div>\n\t\t\t\t\t\t\t<div class=\"elementor-container elementor-column-gap-default\">\n\t\t\t\t\t<div class=\"elementor-column elementor-col-100 elementor-top-column elementor-element elementor-element-482d453\" data-id=\"482d453\" data-element_type=\"column\">\n\t\t\t<div class=\"elementor-widget-wrap elementor-element-populated\">\n\t\t\t\t\t\t\t\t<div class=\"elementor-element elementor-element-b0d8f8f elementor-widget elementor-widget-spacer\" data-id=\"b0d8f8f\" data-element_type=\"widget\" data-widget_type=\"spacer.default\">\n\t\t\t\t<div class=\"elementor-widget-container\">\n\t\t\t\t\t<div class=\"elementor-spacer\">\n\t\t\t<div class=\"elementor-spacer-inner\"><\/div>\n\t\t<\/div>\n\t\t\t\t<\/div>\n\t\t\t\t<\/div>\n\t\t\t\t<div class=\"elementor-element elementor-element-3486478 elementor-widget elementor-widget-lte-countup\" data-id=\"3486478\" data-element_type=\"widget\" data-widget_type=\"lte-countup.default\">\n\t\t\t\t<div class=\"elementor-widget-container\">\n\t\t\t<div class=\"lte-countup layout-default container-fluid\"><div class=\"row\">\r\n\t\t\t\t<div class=\" col-lg-3 col-md-6 col-ms-12  col-xs-12  col-sm-6 col-ms-6 col-xs-12 center-flex countUp-wrap\">\r\n\t\t\t\t\t<div class=\" countUp-item item\">\r\n\t\t\t\t\t\t<h2 class=\"lte-header\"><span class=\"lte-countup-animation\">230<\/span><\/h2>\r\n\t\t\t\t\t\t<h4 class=\"lte-subheader\">Pastry Shops<\/h4>\r\n\t\t\t\t\t<\/div>\t\t\t\t\t\r\n\t\t\t\t<\/div>\r\n\t\t\t\t<div class=\" col-lg-3 col-md-6 col-ms-12  col-xs-12  col-sm-6 col-ms-6 col-xs-12 center-flex countUp-wrap\">\r\n\t\t\t\t\t<div class=\" countUp-item item\">\r\n\t\t\t\t\t\t<h2 class=\"lte-header\"><span class=\"lte-countup-animation\">26<\/span><\/h2>\r\n\t\t\t\t\t\t<h4 class=\"lte-subheader\">Candies Collections<\/h4>\r\n\t\t\t\t\t<\/div>\t\t\t\t\t\r\n\t\t\t\t<\/div>\r\n\t\t\t\t<div class=\" col-lg-3 col-md-6 col-ms-12  col-xs-12  col-sm-6 col-ms-6 col-xs-12 center-flex countUp-wrap\">\r\n\t\t\t\t\t<div class=\" countUp-item item\">\r\n\t\t\t\t\t\t<h2 class=\"lte-header\"><span class=\"lte-countup-animation\">14<\/span><\/h2>\r\n\t\t\t\t\t\t<h4 class=\"lte-subheader\">Years of Experience<\/h4>\r\n\t\t\t\t\t<\/div>\t\t\t\t\t\r\n\t\t\t\t<\/div>\r\n\t\t\t\t<div class=\" col-lg-3 col-md-6 col-ms-12  col-xs-12  col-sm-6 col-ms-6 col-xs-12 center-flex countUp-wrap\">\r\n\t\t\t\t\t<div class=\" countUp-item item\">\r\n\t\t\t\t\t\t<h2 class=\"lte-header\"><span class=\"lte-countup-animation\">80<\/span><\/h2>\r\n\t\t\t\t\t\t<h4 class=\"lte-subheader\">Creative Pastry Chefs<\/h4>\r\n\t\t\t\t\t<\/div>\t\t\t\t\t\r\n\t\t\t\t<\/div><\/div><\/div>\t\t<\/div>\n\t\t\t\t<\/div>\n\t\t\t\t<div class=\"elementor-element elementor-element-0c03b67 elementor-widget elementor-widget-spacer\" data-id=\"0c03b67\" data-element_type=\"widget\" data-widget_type=\"spacer.default\">\n\t\t\t\t<div class=\"elementor-widget-container\">\n\t\t\t\t\t<div class=\"elementor-spacer\">\n\t\t\t<div class=\"elementor-spacer-inner\"><\/div>\n\t\t<\/div>\n\t\t\t\t<\/div>\n\t\t\t\t<\/div>\n\t\t\t\t\t<\/div>\n\t\t<\/div>\n\t\t\t\t\t\t\t<\/div>\n\t\t<\/section>\n\t\t\t\t<section class=\"lte-background-black elementor-section elementor-top-section elementor-element elementor-element-e8a8f2e lte-background-black lte-parallax-yes elementor-hidden-desktop elementor-hidden-tablet elementor-hidden-mobile elementor-section-boxed elementor-section-height-default elementor-section-height-default\" data-id=\"e8a8f2e\" data-element_type=\"section\" data-settings=\"{&quot;background_background&quot;:&quot;classic&quot;}\">\n\t\t\t\t\t\t<div class=\"elementor-container elementor-column-gap-default\">\n\t\t\t\t\t<div class=\"elementor-column elementor-col-100 elementor-top-column elementor-element elementor-element-73819a4 lte-overlay-wrapper-dark lte-parallax-yes\" data-id=\"73819a4\" data-element_type=\"column\" data-settings=\"{&quot;background_background&quot;:&quot;classic&quot;}\">\n\t\t\t<div class=\"elementor-widget-wrap elementor-element-populated\">\n\t\t\t\t\t\t\t\t<div class=\"elementor-element elementor-element-10b3ca4 elementor-widget elementor-widget-spacer\" data-id=\"10b3ca4\" data-element_type=\"widget\" data-widget_type=\"spacer.default\">\n\t\t\t\t<div class=\"elementor-widget-container\">\n\t\t\t\t\t<div class=\"elementor-spacer\">\n\t\t\t<div class=\"elementor-spacer-inner\"><\/div>\n\t\t<\/div>\n\t\t\t\t<\/div>\n\t\t\t\t<\/div>\n\t\t\t\t<div class=\"elementor-element elementor-element-0e813a3 lte-heading-style-header-subheader elementor-widget elementor-widget-lte-header\" data-id=\"0e813a3\" data-element_type=\"widget\" data-widget_type=\"lte-header.default\">\n\t\t\t\t<div class=\"elementor-widget-container\">\n\t\t\t<div class=\"lte-heading lte-size-bg lte-style-header-subheader lte-subcolor-main heading-tag-h2 heading-subtag-h6\"><div class=\"lte-heading-content\"><h2 class=\"lte-header\">Watch our video<\/h2><\/div><\/div>\t\t<\/div>\n\t\t\t\t<\/div>\n\t\t\t\t<div class=\"elementor-element elementor-element-56c1298 elementor-widget elementor-widget-lte-video\" data-id=\"56c1298\" data-element_type=\"widget\" data-widget_type=\"lte-video.default\">\n\t\t\t\t<div class=\"elementor-widget-container\">\n\t\t\t<a href=\"https:\/\/www.youtube.com\/watch?v=43ngkc2Ejgw\" class=\"lte-video-popup lte-style-plain swipebox\" target=\"_blank\" rel=\"noopener\"><span><\/span><\/a>\t\t<\/div>\n\t\t\t\t<\/div>\n\t\t\t\t<div class=\"elementor-element elementor-element-20ac163 elementor-widget elementor-widget-spacer\" data-id=\"20ac163\" data-element_type=\"widget\" data-widget_type=\"spacer.default\">\n\t\t\t\t<div class=\"elementor-widget-container\">\n\t\t\t\t\t<div class=\"elementor-spacer\">\n\t\t\t<div class=\"elementor-spacer-inner\"><\/div>\n\t\t<\/div>\n\t\t\t\t<\/div>\n\t\t\t\t<\/div>\n\t\t\t\t\t<\/div>\n\t\t<\/div>\n\t\t\t\t\t\t\t<\/div>\n\t\t<\/section>\n\t\t\t\t<section class=\"elementor-section elementor-top-section elementor-element elementor-element-7654f16 elementor-hidden-desktop elementor-hidden-tablet elementor-hidden-mobile elementor-section-boxed elementor-section-height-default elementor-section-height-default\" data-id=\"7654f16\" data-element_type=\"section\">\n\t\t\t\t\t\t<div class=\"elementor-container elementor-column-gap-default\">\n\t\t\t\t\t<div class=\"elementor-column elementor-col-100 elementor-top-column elementor-element elementor-element-c98c9a9\" data-id=\"c98c9a9\" data-element_type=\"column\">\n\t\t\t<div class=\"elementor-widget-wrap elementor-element-populated\">\n\t\t\t\t\t\t\t\t<div class=\"elementor-element elementor-element-7b6aa1f elementor-widget elementor-widget-spacer\" data-id=\"7b6aa1f\" data-element_type=\"widget\" data-widget_type=\"spacer.default\">\n\t\t\t\t<div class=\"elementor-widget-container\">\n\t\t\t\t\t<div class=\"elementor-spacer\">\n\t\t\t<div class=\"elementor-spacer-inner\"><\/div>\n\t\t<\/div>\n\t\t\t\t<\/div>\n\t\t\t\t<\/div>\n\t\t\t\t<div class=\"elementor-element elementor-element-16e799a lte-heading-style-header-subheader elementor-widget elementor-widget-lte-header\" data-id=\"16e799a\" data-element_type=\"widget\" data-widget_type=\"lte-header.default\">\n\t\t\t\t<div class=\"elementor-widget-container\">\n\t\t\t<div class=\"lte-heading lte-style-header-subheader lte-underline-wavy lte-subcolor-main has-subheader has-watermark heading-tag-h3 heading-subtag-h6\"><div class=\"lte-heading-content\"><h6 class=\"lte-subheader\">Our team<\/h6><h3 class=\"lte-header\">Meet Our Confectioners<\/h3><span class=\"lte-watermark\">team<\/span><\/div><\/div>\t\t<\/div>\n\t\t\t\t<\/div>\n\t\t\t\t<div class=\"elementor-element elementor-element-83d326b elementor-widget elementor-widget-spacer\" data-id=\"83d326b\" data-element_type=\"widget\" data-widget_type=\"spacer.default\">\n\t\t\t\t<div class=\"elementor-widget-container\">\n\t\t\t\t\t<div class=\"elementor-spacer\">\n\t\t\t<div class=\"elementor-spacer-inner\"><\/div>\n\t\t<\/div>\n\t\t\t\t<\/div>\n\t\t\t\t<\/div>\n\t\t\t\t<div class=\"elementor-element elementor-element-28a9d37 elementor-widget elementor-widget-spacer\" data-id=\"28a9d37\" data-element_type=\"widget\" data-widget_type=\"spacer.default\">\n\t\t\t\t<div class=\"elementor-widget-container\">\n\t\t\t\t\t<div class=\"elementor-spacer\">\n\t\t\t<div class=\"elementor-spacer-inner\"><\/div>\n\t\t<\/div>\n\t\t\t\t<\/div>\n\t\t\t\t<\/div>\n\t\t\t\t<div class=\"elementor-element elementor-element-9b2ce29 elementor-widget elementor-widget-lte-button\" data-id=\"9b2ce29\" data-element_type=\"widget\" data-widget_type=\"lte-button.default\">\n\t\t\t\t<div class=\"elementor-widget-container\">\n\t\t\t<div class=\"lte-btn-wrap\">\r\n\t<a href=\"\"  class=\"lte-btn btn-lg color-hover-default\"><span class=\"lte-btn-inner\"><span class=\"lte-btn-before\"><\/span>Read More<span class=\"lte-btn-after\"><\/span><\/span><\/a><\/div>\t\t<\/div>\n\t\t\t\t<\/div>\n\t\t\t\t\t<\/div>\n\t\t<\/div>\n\t\t\t\t\t\t\t<\/div>\n\t\t<\/section>\n\t\t\t\t\t\t\t<\/div>\n\t\t","protected":false},"excerpt":{"rendered":"<p>Bien plus que de simples sacs de noix, Nuts\u2019n Go vous offre les produits frais, cool et d\u00e9lectables qui soient. Bien plus que de simples sacs de noix, Nuts\u2019n Go vous offre les produits les plus frais, cool et d\u00e9lectables qui soient.Entreprise fi\u00e8rement qu\u00e9b\u00e9coise, nous sommes heureux de pouvoir vous procurer les noix et les [&hellip;]<\/p>\n","protected":false},"author":1,"featured_media":0,"parent":0,"menu_order":0,"comment_status":"closed","ping_status":"closed","template":"page-templates\/full-width.php","meta":{"footnotes":""},"_links":{"self":[{"href":"https:\/\/demo3.jjevolutionstore.com\/fr\/wp-json\/wp\/v2\/pages\/15818"}],"collection":[{"href":"https:\/\/demo3.jjevolutionstore.com\/fr\/wp-json\/wp\/v2\/pages"}],"about":[{"href":"https:\/\/demo3.jjevolutionstore.com\/fr\/wp-json\/wp\/v2\/types\/page"}],"author":[{"embeddable":true,"href":"https:\/\/demo3.jjevolutionstore.com\/fr\/wp-json\/wp\/v2\/users\/1"}],"replies":[{"embeddable":true,"href":"https:\/\/demo3.jjevolutionstore.com\/fr\/wp-json\/wp\/v2\/comments?post=15818"}],"version-history":[{"count":30,"href":"https:\/\/demo3.jjevolutionstore.com\/fr\/wp-json\/wp\/v2\/pages\/15818\/revisions"}],"predecessor-version":[{"id":17358,"href":"https:\/\/demo3.jjevolutionstore.com\/fr\/wp-json\/wp\/v2\/pages\/15818\/revisions\/17358"}],"wp:attachment":[{"href":"https:\/\/demo3.jjevolutionstore.com\/fr\/wp-json\/wp\/v2\/media?parent=15818"}],"curies":[{"name":"wp","href":"https:\/\/api.w.org\/{rel}","templated":true}]}}